{"id":17,"date":"2019-03-10T12:02:20","date_gmt":"2019-03-10T12:02:20","guid":{"rendered":"http:\/\/tompascal.de\/?page_id=17"},"modified":"2022-04-11T17:13:40","modified_gmt":"2022-04-11T17:13:40","slug":"contact","status":"publish","type":"page","link":"http:\/\/tompascal.de\/","title":{"rendered":"intro"},"content":{"rendered":"\n<div class=\"wp-block-group\"><div class=\"wp-block-group__inner-container is-layout-flow wp-block-group-is-layout-flow\">\n<div class=\"wp-block-columns is-layout-flex wp-container-core-columns-layout-1 wp-block-columns-is-layout-flex\">\n<div class=\"wp-block-column is-layout-flow wp-block-column-is-layout-flow\" style=\"flex-basis:100%\">\n<div class=\"wp-block-group\"><div class=\"wp-block-group__inner-container is-layout-flow wp-block-group-is-layout-flow\">\n<p>&#8230; es war der Duft der Stadt, der so pr\u00e4sent und sch\u00f6n war. Gepaart mit den vielen B\u00e4umen und B\u00fcschen, diesem Dschungel, und den alten H\u00e4usern, die schwer und ruhig friedlich Geschichte atmeten. Hinter ihren Mauern das wilde Leben &#8211;  da habe ich mich verliebt &#8230;. <\/p>\n<\/div><\/div>\n<\/div>\n<\/div>\n<\/div><\/div>\n\n\n\n<p>mail to &gt;&gt;&gt; <strong>depascalis (at) posteo (punkt) de<\/strong> <\/p>\n\n\n\n<p><em>diese Seite dient ausschlie\u00dflich als Portfolio und zeigt einige meiner Arbeiten.<\/em>               <em> Es werden keine personenbezogenen Daten gesammelt oder verarbeitet.<\/em><\/p>\n","protected":false},"excerpt":{"rendered":"<p>&#8230; es war der Duft der Stadt, der so pr\u00e4sent und sch\u00f6n war. Gepaart mit den vielen B\u00e4umen und B\u00fcschen, diesem Dschungel, und den alten H\u00e4usern, die schwer und ruhig friedlich Geschichte atmeten. Hinter ihren Mauern das wilde Leben &#8211; da habe ich mich verliebt &#8230;. mail to &gt;&gt;&gt; depascalis (at) posteo (punkt) de diese [&hellip;]<\/p>\n","protected":false},"author":1,"featured_media":632,"parent":0,"menu_order":0,"comment_status":"closed","ping_status":"closed","template":"templates\/wide-page-template.php","meta":{"footnotes":""},"_links":{"self":[{"href":"http:\/\/tompascal.de\/index.php?rest_route=\/wp\/v2\/pages\/17"}],"collection":[{"href":"http:\/\/tompascal.de\/index.php?rest_route=\/wp\/v2\/pages"}],"about":[{"href":"http:\/\/tompascal.de\/index.php?rest_route=\/wp\/v2\/types\/page"}],"author":[{"embeddable":true,"href":"http:\/\/tompascal.de\/index.php?rest_route=\/wp\/v2\/users\/1"}],"replies":[{"embeddable":true,"href":"http:\/\/tompascal.de\/index.php?rest_route=%2Fwp%2Fv2%2Fcomments&post=17"}],"version-history":[{"count":39,"href":"http:\/\/tompascal.de\/index.php?rest_route=\/wp\/v2\/pages\/17\/revisions"}],"predecessor-version":[{"id":703,"href":"http:\/\/tompascal.de\/index.php?rest_route=\/wp\/v2\/pages\/17\/revisions\/703"}],"wp:featuredmedia":[{"embeddable":true,"href":"http:\/\/tompascal.de\/index.php?rest_route=\/wp\/v2\/media\/632"}],"wp:attachment":[{"href":"http:\/\/tompascal.de\/index.php?rest_route=%2Fwp%2Fv2%2Fmedia&parent=17"}],"curies":[{"name":"wp","href":"https:\/\/api.w.org\/{rel}","templated":true}]}}